{"id":1101,"date":"2015-10-14T15:44:32","date_gmt":"2015-10-14T15:44:32","guid":{"rendered":"http:\/\/travel.wrota.net\/?page_id=1101"},"modified":"2015-10-14T15:44:32","modified_gmt":"2015-10-14T15:44:32","slug":"o-nas","status":"publish","type":"page","link":"https:\/\/travel.wrota.net\/?page_id=1101","title":{"rendered":"O nas"},"content":{"rendered":"<p>Witajcie na naszym podr\u00f3\u017cniczym blogu.<\/p>\n<p>Zag\u0142\u0119bimy Was w histori\u0119 naszych wyjazd\u00f3w, kt\u00f3re trwaj\u0105 praktycznie ca\u0142y rok. B\u0119dziemy opisywa\u0107 ka\u017cdy dzie\u0144 naszych eskapad, umieszcza\u0107 nasze zdj\u0119cia, opisy miejsc kt\u00f3re zwiedzili\u015bmy oraz interesuj\u0105ce informacje o danym regionie.<\/p>\n<p>Opisuj\u0105c nasze podr\u00f3\u017ce chcemy pokaza\u0107, \u017ce z ma\u0142ymi dzie\u0107mi mo\u017cna (a nawet trzeba) podr\u00f3\u017cowa\u0107 i poznawa\u0107 nowe miejsca. Na razie nasze podr\u00f3\u017ce ograniczamy do Polski i Europy ale kiedy\u015b mo\u017ce zaw\u0119drujemy gdzie\u015b dalej\u2026.<\/p>\n<p>Mamy nadziej\u0119, \u017ce zainteresuj\u0105 Ci\u0119 relacje z naszych wakacyjnych podr\u00f3\u017cy oraz opisy miejsc, kt\u00f3re odwiedzamy w weekendy.<\/p>\n<p>W wi\u0119kszo\u015bci wycieczek uczestniczy pe\u0142na ekipa czyli:<\/p>\n<p><b>Daniel<\/b> &#8211; wielb\u0142\u0105d, kierowca i fotograf<br \/>\n<b>Marzena<\/b> &#8211; du\u017ca maruda i fotograf<br \/>\n<b>Jakub<\/b> &#8211; \u201ewielbiciel\u201d wszelkiego robactwa<br \/>\n<b>Krzysztof<\/b> &#8211; ma\u0142a maruda i fotograf<br \/>\n<b>Milena<\/b> &#8211; najm\u0142odszy cz\u0142onek wypraw<\/p>\n<p><a href=\"http:\/\/travel.wrota.net\/wp-content\/uploads\/2015\/10\/IMG_9066.jpg\"><img decoding=\"async\" loading=\"lazy\" class=\"aligncenter size-large wp-image-1102\" src=\"http:\/\/travel.wrota.net\/wp-content\/uploads\/2015\/10\/IMG_9066-1024x613.jpg\" alt=\"IMG_9066\" width=\"750\" height=\"449\" srcset=\"https:\/\/travel.wrota.net\/wp-content\/uploads\/2015\/10\/IMG_9066-1024x613.jpg 1024w, https:\/\/travel.wrota.net\/wp-content\/uploads\/2015\/10\/IMG_9066-300x180.jpg 300w, https:\/\/travel.wrota.net\/wp-content\/uploads\/2015\/10\/IMG_9066.jpg 1200w\" sizes=\"(max-width: 750px) 100vw, 750px\" \/><\/a><\/p>\n\n<!-- Facebook Like Button v1.9.6 BEGIN [http:\/\/blog.bottomlessinc.com] -->\n<iframe src=\"http:\/\/www.facebook.com\/plugins\/like.php?href=https%3A%2F%2Ftravel.wrota.net%2F%3Fpage_id%3D1101&amp;layout=standard&amp;show_faces=false&amp;width=450&amp;action=like&amp;colorscheme=light\" scrolling=\"no\" frameborder=\"0\" allowTransparency=\"true\" style=\"border:none; overflow:hidden; width:450px; height: 30px; align: left; margin: 2px 0px 2px 0px\"><\/iframe>\n<!-- Facebook Like Button END -->\n","protected":false},"excerpt":{"rendered":"<p>Witajcie na naszym podr\u00f3\u017cniczym blogu. Zag\u0142\u0119bimy Was w histori\u0119 naszych wyjazd\u00f3w, kt\u00f3re trwaj\u0105 praktycznie ca\u0142y rok. B\u0119dziemy opisywa\u0107 ka\u017cdy dzie\u0144 naszych eskapad, umieszcza\u0107 nasze zdj\u0119cia, opisy miejsc kt\u00f3re zwiedzili\u015bmy oraz <a class=\"more-link\" href=\"https:\/\/travel.wrota.net\/?page_id=1101\">Czytaj dalej &rarr;<\/a><\/p>\n","protected":false},"author":1,"featured_media":0,"parent":0,"menu_order":0,"comment_status":"open","ping_status":"closed","template":"","meta":[],"_links":{"self":[{"href":"https:\/\/travel.wrota.net\/index.php?rest_route=\/wp\/v2\/pages\/1101"}],"collection":[{"href":"https:\/\/travel.wrota.net\/index.php?rest_route=\/wp\/v2\/pages"}],"about":[{"href":"https:\/\/travel.wrota.net\/index.php?rest_route=\/wp\/v2\/types\/page"}],"author":[{"embeddable":true,"href":"https:\/\/travel.wrota.net\/index.php?rest_route=\/wp\/v2\/users\/1"}],"replies":[{"embeddable":true,"href":"https:\/\/travel.wrota.net\/index.php?rest_route=%2Fwp%2Fv2%2Fcomments&post=1101"}],"version-history":[{"count":1,"href":"https:\/\/travel.wrota.net\/index.php?rest_route=\/wp\/v2\/pages\/1101\/revisions"}],"predecessor-version":[{"id":1103,"href":"https:\/\/travel.wrota.net\/index.php?rest_route=\/wp\/v2\/pages\/1101\/revisions\/1103"}],"wp:attachment":[{"href":"https:\/\/travel.wrota.net\/index.php?rest_route=%2Fwp%2Fv2%2Fmedia&parent=1101"}],"curies":[{"name":"wp","href":"https:\/\/api.w.org\/{rel}","templated":true}]}}