{"id":1123,"date":"2015-10-14T16:04:21","date_gmt":"2015-10-14T16:04:21","guid":{"rendered":"http:\/\/travel.wrota.net\/?page_id=1123"},"modified":"2015-10-14T16:06:27","modified_gmt":"2015-10-14T16:06:27","slug":"polecamy","status":"publish","type":"page","link":"https:\/\/travel.wrota.net\/?page_id=1123","title":{"rendered":"Polecamy"},"content":{"rendered":"<p><strong><a href=\"http:\/\/jakub.fenert.pl\" target=\"_blank\">Blog Jakuba<\/a><\/strong> &#8211; blog naszego najstarszego syna czyli o figurkach i nie tylko&#8230;<\/p>\n<p><strong><a href=\"http:\/\/panoramy.zbooy.pl\/\" target=\"_blank\">Panoramiczna podr\u00f3\u017c sferyczna<\/a><\/strong> &#8211; blog naszego przyjaciela Szymona &#8222;Zbooya&#8221;, czyli panoramy z r\u00f3\u017cnych zak\u0105tk\u00f3w \u015bwiata.<\/p>\n<p><strong><a href=\"https:\/\/podchmurka.wordpress.com\/\" target=\"_blank\">Pi\u00f3rkiem Chmurki<\/a><\/strong> &#8211; blog podr\u00f3\u017cniczy naszego przyjaciela Tomasza.<\/p>\n<p><strong><a href=\"http:\/\/inslovenia.blogspot.com\/\" target=\"_blank\">IN SLOVENIA<\/a><\/strong>\u00a0 &#8211; fantastyczny blog Polki mieszkaj\u0105cej w S\u0142owenii<\/p>\n\n<!-- Facebook Like Button v1.9.6 BEGIN [http:\/\/blog.bottomlessinc.com] -->\n<iframe src=\"http:\/\/www.facebook.com\/plugins\/like.php?href=https%3A%2F%2Ftravel.wrota.net%2F%3Fpage_id%3D1123&amp;layout=standard&amp;show_faces=false&amp;width=450&amp;action=like&amp;colorscheme=light\" scrolling=\"no\" frameborder=\"0\" allowTransparency=\"true\" style=\"border:none; overflow:hidden; width:450px; height: 30px; align: left; margin: 2px 0px 2px 0px\"><\/iframe>\n<!-- Facebook Like Button END -->\n","protected":false},"excerpt":{"rendered":"<p>Blog Jakuba &#8211; blog naszego najstarszego syna czyli o figurkach i nie tylko&#8230; Panoramiczna podr\u00f3\u017c sferyczna &#8211; blog naszego przyjaciela Szymona &#8222;Zbooya&#8221;, czyli panoramy z r\u00f3\u017cnych zak\u0105tk\u00f3w \u015bwiata. Pi\u00f3rkiem Chmurki <a class=\"more-link\" href=\"https:\/\/travel.wrota.net\/?page_id=1123\">Czytaj dalej &rarr;<\/a><\/p>\n","protected":false},"author":1,"featured_media":0,"parent":0,"menu_order":0,"comment_status":"open","ping_status":"closed","template":"","meta":[],"_links":{"self":[{"href":"https:\/\/travel.wrota.net\/index.php?rest_route=\/wp\/v2\/pages\/1123"}],"collection":[{"href":"https:\/\/travel.wrota.net\/index.php?rest_route=\/wp\/v2\/pages"}],"about":[{"href":"https:\/\/travel.wrota.net\/index.php?rest_route=\/wp\/v2\/types\/page"}],"author":[{"embeddable":true,"href":"https:\/\/travel.wrota.net\/index.php?rest_route=\/wp\/v2\/users\/1"}],"replies":[{"embeddable":true,"href":"https:\/\/travel.wrota.net\/index.php?rest_route=%2Fwp%2Fv2%2Fcomments&post=1123"}],"version-history":[{"count":3,"href":"https:\/\/travel.wrota.net\/index.php?rest_route=\/wp\/v2\/pages\/1123\/revisions"}],"predecessor-version":[{"id":1126,"href":"https:\/\/travel.wrota.net\/index.php?rest_route=\/wp\/v2\/pages\/1123\/revisions\/1126"}],"wp:attachment":[{"href":"https:\/\/travel.wrota.net\/index.php?rest_route=%2Fwp%2Fv2%2Fmedia&parent=1123"}],"curies":[{"name":"wp","href":"https:\/\/api.w.org\/{rel}","templated":true}]}}